{"id":7,"date":"2026-04-30T17:29:04","date_gmt":"2026-04-30T17:29:04","guid":{"rendered":"https:\/\/test.linkdereservas.com\/?page_id=7"},"modified":"2026-04-30T19:42:56","modified_gmt":"2026-04-30T19:42:56","slug":"sorteo","status":"publish","type":"page","link":"https:\/\/test.linkdereservas.com\/?page_id=7","title":{"rendered":"Sorteo"},"content":{"rendered":"<div class=\"psb-form-container\" id=\"psb-form-2\">\n\t<form class=\"psb-registration-form\" data-settings='null'>\n\t\t<input type=\"hidden\" name=\"form_id\" value=\"2\">\n\t\t\n\t\t<div class=\"psb-form-fields-grid\">\n\t\t\t\t\t\t\t<div class=\"psb-form-section\">\n\t\t\t\t\t<label for=\"full_name\">Nombre Completo<\/label>\n\t\t\t\t\t<input type=\"text\" name=\"full_name\" required placeholder=\"Tu nombre y apellido\">\n\t\t\t\t<\/div>\n\t\t\t\t<div class=\"psb-form-row\">\n\t\t\t\t\t<div class=\"psb-form-section\">\n\t\t\t\t\t\t<label for=\"id_number\">C\u00e9dula \/ ID<\/label>\n\t\t\t\t\t\t<input type=\"text\" name=\"id_number\" required placeholder=\"Solo n\u00fameros\" class=\"psb-only-numbers\">\n\t\t\t\t\t<\/div>\n\t\t\t\t\t<div class=\"psb-form-section\">\n\t\t\t\t\t\t<label for=\"phone\">Tel\u00e9fono<\/label>\n\t\t\t\t\t\t<input type=\"text\" name=\"phone\" required placeholder=\"Tu n\u00famero de contacto\" class=\"psb-only-numbers\">\n\t\t\t\t\t<\/div>\n\t\t\t\t<\/div>\n\t\t\t\t\t<\/div>\n\n\t\t<div class=\"psb-form-section\">\n\t\t\t<label for=\"product\">Selecciona el Producto<\/label>\n\t\t\t<select name=\"product\" class=\"psb-product-selector\" required>\n\t\t\t\t<option value=\"\">-- Selecciona --<\/option>\n\t\t\t\t\t\t\t<\/select>\n\t\t<\/div>\n\n\t\t<div id=\"psb-codes-container-2\" class=\"psb-codes-grid\">\n\t\t\t<!-- Los inputs de c\u00f3digos se generar\u00e1n aqu\u00ed din\u00e1micamente -->\n\t\t<\/div>\n\n\t\t<div class=\"psb-submit-area\">\n\t\t\t<button type=\"submit\" class=\"psb-submit-btn\">REGISTRAR C\u00d3DIGOS<\/button>\n\t\t\t<div class=\"psb-message\"><\/div>\n\t\t<\/div>\n\t<\/form>\n<\/div>\n\n","protected":false},"excerpt":{"rendered":"","protected":false},"author":1,"featured_media":0,"parent":0,"menu_order":0,"comment_status":"closed","ping_status":"closed","template":"","meta":{"footnotes":""},"class_list":["post-7","page","type-page","status-publish","hentry"],"_links":{"self":[{"href":"https:\/\/test.linkdereservas.com\/index.php?rest_route=\/wp\/v2\/pages\/7","targetHints":{"allow":["GET"]}}],"collection":[{"href":"https:\/\/test.linkdereservas.com\/index.php?rest_route=\/wp\/v2\/pages"}],"about":[{"href":"https:\/\/test.linkdereservas.com\/index.php?rest_route=\/wp\/v2\/types\/page"}],"author":[{"embeddable":true,"href":"https:\/\/test.linkdereservas.com\/index.php?rest_route=\/wp\/v2\/users\/1"}],"replies":[{"embeddable":true,"href":"https:\/\/test.linkdereservas.com\/index.php?rest_route=%2Fwp%2Fv2%2Fcomments&post=7"}],"version-history":[{"count":2,"href":"https:\/\/test.linkdereservas.com\/index.php?rest_route=\/wp\/v2\/pages\/7\/revisions"}],"predecessor-version":[{"id":11,"href":"https:\/\/test.linkdereservas.com\/index.php?rest_route=\/wp\/v2\/pages\/7\/revisions\/11"}],"wp:attachment":[{"href":"https:\/\/test.linkdereservas.com\/index.php?rest_route=%2Fwp%2Fv2%2Fmedia&parent=7"}],"curies":[{"name":"wp","href":"https:\/\/api.w.org\/{rel}","templated":true}]}}